{"id":5586,"date":"2019-02-14T12:08:11","date_gmt":"2019-02-14T12:08:11","guid":{"rendered":"https:\/\/www.masrodo.com\/\/product\/incognit-negre\/"},"modified":"2023-11-23T10:02:26","modified_gmt":"2023-11-23T09:02:26","slug":"incognit-negre","status":"publish","type":"product","link":"https:\/\/www.masrodo.com\/ca\/producte\/incognit-negre\/","title":{"rendered":"Inc\u00f2gnit Negre"},"content":{"rendered":"","protected":false},"excerpt":{"rendered":"<p>El negre de la nostra gamma de cupatges Inc\u00f2gnit. La nostra idea amb els Inc\u00f2gnits \u00e9s que han de ser vins d&#8217;ampli espectre, vins que sense deixar de mantenir els nivells d&#8217;exig\u00e8ncia que ens vam marcar per a tot, puguin arribar al m\u00e0xim nombre de consumidors i ocasions. I per aix\u00f2 s\u00f3n cupatges, perqu\u00e8 ens permeten buscar l&#8217;equilibri i dirigir el vi cap a aquesta flexibilitat a la qual aspirem. En el cas del nostre negre intentem conjugar tres elements que no sempre es troben tots alhora, intensitat, frescor i fruita. La intensitat del nostre Cabernet Sauvignon, la frescor i fruita del nostre Merlot, suavitzat amb el nostre Ull de llebre.<\/p>\n","protected":false},"featured_media":1399,"template":"","meta":[],"product_cat":[45],"product_tag":[],"acf":[],"_links":{"self":[{"href":"https:\/\/www.masrodo.com\/ca\/wp-json\/wp\/v2\/product\/5586"}],"collection":[{"href":"https:\/\/www.masrodo.com\/ca\/wp-json\/wp\/v2\/product"}],"about":[{"href":"https:\/\/www.masrodo.com\/ca\/wp-json\/wp\/v2\/types\/product"}],"wp:featuredmedia":[{"embeddable":true,"href":"https:\/\/www.masrodo.com\/ca\/wp-json\/wp\/v2\/media\/1399"}],"wp:attachment":[{"href":"https:\/\/www.masrodo.com\/ca\/wp-json\/wp\/v2\/media?parent=5586"}],"wp:term":[{"taxonomy":"product_cat","embeddable":true,"href":"https:\/\/www.masrodo.com\/ca\/wp-json\/wp\/v2\/product_cat?post=5586"},{"taxonomy":"product_tag","embeddable":true,"href":"https:\/\/www.masrodo.com\/ca\/wp-json\/wp\/v2\/product_tag?post=5586"}],"curies":[{"name":"wp","href":"https:\/\/api.w.org\/{rel}","templated":true}]}}