{"id":5584,"date":"2019-02-14T12:07:05","date_gmt":"2019-02-14T12:07:05","guid":{"rendered":"https:\/\/www.masrodo.com\/\/product\/incognit-rosat\/"},"modified":"2023-11-23T12:57:04","modified_gmt":"2023-11-23T11:57:04","slug":"incognit-rosat","status":"publish","type":"product","link":"https:\/\/www.masrodo.com\/ca\/producte\/incognit-rosat\/","title":{"rendered":"Inc\u00f2gnit Rosat"},"content":{"rendered":"","protected":false},"excerpt":{"rendered":"<p>El rosat de la nostra gamma de cupatges Inc\u00f2gnit. La nostra idea amb els Inc\u00f2gnits \u00e9s que han de ser vins d&#8217;ampli espectre, vins que sense deixar de mantenir els nivells d&#8217;exig\u00e8ncia que ens vam marcar per a tot, puguin arribar al m\u00e0xim nombre de consumidors i ocasions. I per aix\u00f2 s\u00f3n cupatges, perqu\u00e8 ens permeten buscar l&#8217;equilibri i dirigir el vi cap a aquesta flexibilitat a la qual aspirem. La idea \u00e9s fer un rosat arom\u00e0tic i delicat, fugint de la pesadesa dol\u00e7a. El Cabernet Sauvignon ens donar\u00e0 estructura, el Merlot fruita i acidesa i un toc d&#8217;Ull de Llebre hi aporta complexitat i lleugeresa. Volem fer un Rosat per gaudir a copes i amb el suficient car\u00e0cter per menjar amb ell.<\/p>\n","protected":false},"featured_media":1402,"template":"","meta":[],"product_cat":[45],"product_tag":[],"acf":[],"_links":{"self":[{"href":"https:\/\/www.masrodo.com\/ca\/wp-json\/wp\/v2\/product\/5584"}],"collection":[{"href":"https:\/\/www.masrodo.com\/ca\/wp-json\/wp\/v2\/product"}],"about":[{"href":"https:\/\/www.masrodo.com\/ca\/wp-json\/wp\/v2\/types\/product"}],"wp:featuredmedia":[{"embeddable":true,"href":"https:\/\/www.masrodo.com\/ca\/wp-json\/wp\/v2\/media\/1402"}],"wp:attachment":[{"href":"https:\/\/www.masrodo.com\/ca\/wp-json\/wp\/v2\/media?parent=5584"}],"wp:term":[{"taxonomy":"product_cat","embeddable":true,"href":"https:\/\/www.masrodo.com\/ca\/wp-json\/wp\/v2\/product_cat?post=5584"},{"taxonomy":"product_tag","embeddable":true,"href":"https:\/\/www.masrodo.com\/ca\/wp-json\/wp\/v2\/product_tag?post=5584"}],"curies":[{"name":"wp","href":"https:\/\/api.w.org\/{rel}","templated":true}]}}