{"id":5582,"date":"2019-02-14T12:06:42","date_gmt":"2019-02-14T12:06:42","guid":{"rendered":"https:\/\/www.masrodo.com\/\/product\/incognit-blanc\/"},"modified":"2023-11-07T11:40:07","modified_gmt":"2023-11-07T10:40:07","slug":"incognit-blanc","status":"publish","type":"product","link":"https:\/\/www.masrodo.com\/ca\/producte\/incognit-blanc\/","title":{"rendered":"Inc\u00f2gnit Blanc"},"content":{"rendered":"","protected":false},"excerpt":{"rendered":"<p>El blanc de la nostra gamma de cupatges Inc\u00f2gnit. La nostra idea amb els Inc\u00f2gnits \u00e9s que han de ser vins d&#8217;ampli espectre, vins que sense deixar de mantenir els nivells d&#8217;exig\u00e8ncia que ens vam marcar per a tot, puguin arribar al m\u00e0xim nombre de consumidors i ocasions. I per aix\u00f2 s\u00f3n cupatges, perqu\u00e8 ens permeten buscar l&#8217;equilibri i dirigir el vi cap a aquesta flexibilitat a la qual aspirem. De base, la millor Parellada del Pened\u00e8s, que es d\u00f3na en al\u00e7ada i ens aporta frescor i acidesa; l&#8217;equilibri en intensitat i complexitat del nostre Macabeu i el toc arom\u00e0tic i afruitat amb la Muscat. L&#8217;equilibri \u00e9s b\u00e0sic en aquest vi, on res ha de despuntar, sin\u00f3 confluir.<\/p>\n","protected":false},"featured_media":1393,"template":"","meta":[],"product_cat":[45],"product_tag":[],"acf":[],"_links":{"self":[{"href":"https:\/\/www.masrodo.com\/ca\/wp-json\/wp\/v2\/product\/5582"}],"collection":[{"href":"https:\/\/www.masrodo.com\/ca\/wp-json\/wp\/v2\/product"}],"about":[{"href":"https:\/\/www.masrodo.com\/ca\/wp-json\/wp\/v2\/types\/product"}],"wp:featuredmedia":[{"embeddable":true,"href":"https:\/\/www.masrodo.com\/ca\/wp-json\/wp\/v2\/media\/1393"}],"wp:attachment":[{"href":"https:\/\/www.masrodo.com\/ca\/wp-json\/wp\/v2\/media?parent=5582"}],"wp:term":[{"taxonomy":"product_cat","embeddable":true,"href":"https:\/\/www.masrodo.com\/ca\/wp-json\/wp\/v2\/product_cat?post=5582"},{"taxonomy":"product_tag","embeddable":true,"href":"https:\/\/www.masrodo.com\/ca\/wp-json\/wp\/v2\/product_tag?post=5582"}],"curies":[{"name":"wp","href":"https:\/\/api.w.org\/{rel}","templated":true}]}}