{"id":5580,"date":"2019-02-14T12:05:34","date_gmt":"2019-02-14T12:05:34","guid":{"rendered":"https:\/\/www.masrodo.com\/\/product\/reserva-de-la-propietat\/"},"modified":"2023-11-23T10:08:26","modified_gmt":"2023-11-23T09:08:26","slug":"reserva-de-la-propietat","status":"publish","type":"product","link":"https:\/\/www.masrodo.com\/ca\/producte\/reserva-de-la-propietat\/","title":{"rendered":"Reserva de la Propietat"},"content":{"rendered":"","protected":false},"excerpt":{"rendered":"<p>\u00c9s un Cabernet Sauvignon madur, intens i potent, fruit d&#8217;una limitada selecci\u00f3 de les millors b\u00f3tes de cada anyada, on es deixar\u00e0 envellir un any m\u00e9s. Finalment hi haur\u00e0 passat un total de 24 mesos i un m\u00ednim de 4 anys en ampolla. De tall una mica m\u00e9s cl\u00e0ssic, especialment per la seva major exposici\u00f3 a la b\u00f3ta, resulta d&#8217;altra banda d&#8217;una extraordin\u00e0ria eleg\u00e0ncia, unida a una gran profunditat i a una sorprenent joventut en el seu color i aportaci\u00f3 de fruita. El nostre Reserva de la Propietat representa el tresor que guardem preuadament per ser gaudit en les grans ocasions.<\/p>\n","protected":false},"featured_media":1411,"template":"","meta":[],"product_cat":[43],"product_tag":[],"acf":[],"_links":{"self":[{"href":"https:\/\/www.masrodo.com\/ca\/wp-json\/wp\/v2\/product\/5580"}],"collection":[{"href":"https:\/\/www.masrodo.com\/ca\/wp-json\/wp\/v2\/product"}],"about":[{"href":"https:\/\/www.masrodo.com\/ca\/wp-json\/wp\/v2\/types\/product"}],"wp:featuredmedia":[{"embeddable":true,"href":"https:\/\/www.masrodo.com\/ca\/wp-json\/wp\/v2\/media\/1411"}],"wp:attachment":[{"href":"https:\/\/www.masrodo.com\/ca\/wp-json\/wp\/v2\/media?parent=5580"}],"wp:term":[{"taxonomy":"product_cat","embeddable":true,"href":"https:\/\/www.masrodo.com\/ca\/wp-json\/wp\/v2\/product_cat?post=5580"},{"taxonomy":"product_tag","embeddable":true,"href":"https:\/\/www.masrodo.com\/ca\/wp-json\/wp\/v2\/product_tag?post=5580"}],"curies":[{"name":"wp","href":"https:\/\/api.w.org\/{rel}","templated":true}]}}