{"id":5578,"date":"2019-02-14T12:04:37","date_gmt":"2019-02-14T12:04:37","guid":{"rendered":"https:\/\/www.masrodo.com\/\/product\/cabernet-sauvignon\/"},"modified":"2023-11-23T10:13:47","modified_gmt":"2023-11-23T09:13:47","slug":"cabernet-sauvignon","status":"publish","type":"product","link":"https:\/\/www.masrodo.com\/ca\/producte\/cabernet-sauvignon\/","title":{"rendered":"Cabernet Sauvignon"},"content":{"rendered":"","protected":false},"excerpt":{"rendered":"<p>MAS ROD\u00d3 Cabernet Sauvignon desmunta t\u00f2pics. Un vi que desenvolupa tota la potencialitat d&#8217;un dels varietals de vins negres m\u00e9s apreciats del planeta. El nostre Cabernet Sauvignon concentra aquesta ess\u00e8ncia, i l&#8217;expandeix amb matisos minerals propis de les nostres vinyes i una bona maduraci\u00f3 que li aporta les nostres nits fredes i la nostra baixa producci\u00f3, eliminant aix\u00ed, notes vegetals i de pebrot caracter\u00edstiques si es treballen sota altres criteris. Un treball d&#8217;extracci\u00f3 mitjan\u00e7ant intensos remuntats i delestatge ens permet aportar tota la corpul\u00e8ncia i color a la qual no es pot aspirar sense una \u00f2ptima maduraci\u00f3. Tanins madurs i una profunditat ben equilibrada amb la seva acidesa. Un excel\u00b7lent vi negre de la DO Pened\u00e8s per posar a prova les idees preestablertes.<\/p>\n","protected":false},"featured_media":1405,"template":"","meta":[],"product_cat":[43],"product_tag":[],"acf":[],"_links":{"self":[{"href":"https:\/\/www.masrodo.com\/ca\/wp-json\/wp\/v2\/product\/5578"}],"collection":[{"href":"https:\/\/www.masrodo.com\/ca\/wp-json\/wp\/v2\/product"}],"about":[{"href":"https:\/\/www.masrodo.com\/ca\/wp-json\/wp\/v2\/types\/product"}],"wp:featuredmedia":[{"embeddable":true,"href":"https:\/\/www.masrodo.com\/ca\/wp-json\/wp\/v2\/media\/1405"}],"wp:attachment":[{"href":"https:\/\/www.masrodo.com\/ca\/wp-json\/wp\/v2\/media?parent=5578"}],"wp:term":[{"taxonomy":"product_cat","embeddable":true,"href":"https:\/\/www.masrodo.com\/ca\/wp-json\/wp\/v2\/product_cat?post=5578"},{"taxonomy":"product_tag","embeddable":true,"href":"https:\/\/www.masrodo.com\/ca\/wp-json\/wp\/v2\/product_tag?post=5578"}],"curies":[{"name":"wp","href":"https:\/\/api.w.org\/{rel}","templated":true}]}}