{"id":5576,"date":"2019-02-14T12:03:51","date_gmt":"2019-02-14T12:03:51","guid":{"rendered":"https:\/\/www.masrodo.com\/\/product\/merlot\/"},"modified":"2023-11-07T11:06:57","modified_gmt":"2023-11-07T10:06:57","slug":"merlot","status":"publish","type":"product","link":"https:\/\/www.masrodo.com\/ca\/producte\/merlot\/","title":{"rendered":"Merlot"},"content":{"rendered":"","protected":false},"excerpt":{"rendered":"<p>MAS ROD\u00d3 Merlot supera expectatives. Les nostres condicions clim\u00e0tiques permeten una perfecta adaptaci\u00f3 que conjuga la maduraci\u00f3 i la fruita d&#8217;un pa\u00eds c\u00e0lid amb l&#8217;acidesa i potencial dels m\u00edtics merlots francesos. La vivacitat que li proporciona la seva acidesa est\u00e0 perfectament equilibrada pel seu treball d&#8217;extracci\u00f3. M\u00e9s intensitat i menys docilitat que un Merlot convencional per\u00f2 sense perdre rodonesa i equilibri. T\u00e9 un punt t\u00e0nnic, per\u00f2 de tan\u00ed madur que, per\u00f2, segueix sent un vi fresc que fa salivar i convida a seguir bevent. L&#8217;exemple perfecte d&#8217;adaptaci\u00f3 d&#8217;una varietat internacional a les terres altes del Pened\u00e8s<\/p>\n","protected":false},"featured_media":1408,"template":"","meta":[],"product_cat":[43],"product_tag":[],"acf":[],"_links":{"self":[{"href":"https:\/\/www.masrodo.com\/ca\/wp-json\/wp\/v2\/product\/5576"}],"collection":[{"href":"https:\/\/www.masrodo.com\/ca\/wp-json\/wp\/v2\/product"}],"about":[{"href":"https:\/\/www.masrodo.com\/ca\/wp-json\/wp\/v2\/types\/product"}],"wp:featuredmedia":[{"embeddable":true,"href":"https:\/\/www.masrodo.com\/ca\/wp-json\/wp\/v2\/media\/1408"}],"wp:attachment":[{"href":"https:\/\/www.masrodo.com\/ca\/wp-json\/wp\/v2\/media?parent=5576"}],"wp:term":[{"taxonomy":"product_cat","embeddable":true,"href":"https:\/\/www.masrodo.com\/ca\/wp-json\/wp\/v2\/product_cat?post=5576"},{"taxonomy":"product_tag","embeddable":true,"href":"https:\/\/www.masrodo.com\/ca\/wp-json\/wp\/v2\/product_tag?post=5576"}],"curies":[{"name":"wp","href":"https:\/\/api.w.org\/{rel}","templated":true}]}}