{"id":5572,"date":"2019-02-14T12:01:06","date_gmt":"2019-02-14T12:01:06","guid":{"rendered":"https:\/\/www.masrodo.com\/\/product\/riesling\/"},"modified":"2023-11-23T12:43:58","modified_gmt":"2023-11-23T11:43:58","slug":"riesling","status":"publish","type":"product","link":"https:\/\/www.masrodo.com\/ca\/producte\/riesling\/","title":{"rendered":"Riesling"},"content":{"rendered":"","protected":false},"excerpt":{"rendered":"<p>L&#8217;hivern fred de la zona de Mediona, amb nevades freq\u00fcents, nits fredes que permeten llargs per\u00edodes de maduraci\u00f3, unit al tipus de s\u00f2l roc\u00f3s en qu\u00e8 est\u00e0 plantada aquesta varietat, ofereixen unes condicions ideals per conrear ceps de Riesling, un ra\u00efm que a MAS ROD\u00d3 desenvolupa caracter\u00edstiques pr\u00f2pies. Precisament per aix\u00f2 el nostre apropament a la riesling \u00e9s diferent tamb\u00e9 a aquell que hist\u00f2ricament es fa en el centre d&#8217;Europa. El nostre riesling \u00e9s sec, absolutament, i permet aix\u00ed mantenir un millor equilibri amb l&#8217;acidesa que sempre ha de brillar en un riesling, amb lleugers tocs tropicals aportats per la calidesa dels nostres dies . Un exemple d&#8217;equilibri, delicadesa i eleg\u00e0ncia.<\/p>\n","protected":false},"featured_media":1423,"template":"","meta":[],"product_cat":[41],"product_tag":[],"acf":[],"_links":{"self":[{"href":"https:\/\/www.masrodo.com\/ca\/wp-json\/wp\/v2\/product\/5572"}],"collection":[{"href":"https:\/\/www.masrodo.com\/ca\/wp-json\/wp\/v2\/product"}],"about":[{"href":"https:\/\/www.masrodo.com\/ca\/wp-json\/wp\/v2\/types\/product"}],"wp:featuredmedia":[{"embeddable":true,"href":"https:\/\/www.masrodo.com\/ca\/wp-json\/wp\/v2\/media\/1423"}],"wp:attachment":[{"href":"https:\/\/www.masrodo.com\/ca\/wp-json\/wp\/v2\/media?parent=5572"}],"wp:term":[{"taxonomy":"product_cat","embeddable":true,"href":"https:\/\/www.masrodo.com\/ca\/wp-json\/wp\/v2\/product_cat?post=5572"},{"taxonomy":"product_tag","embeddable":true,"href":"https:\/\/www.masrodo.com\/ca\/wp-json\/wp\/v2\/product_tag?post=5572"}],"curies":[{"name":"wp","href":"https:\/\/api.w.org\/{rel}","templated":true}]}}