{"id":5570,"date":"2019-02-14T12:00:23","date_gmt":"2019-02-14T12:00:23","guid":{"rendered":"https:\/\/www.masrodo.com\/\/product\/montonega\/"},"modified":"2023-11-23T10:18:04","modified_gmt":"2023-11-23T09:18:04","slug":"montonega","status":"publish","type":"product","link":"https:\/\/www.masrodo.com\/ca\/producte\/montonega\/","title":{"rendered":"Montonega"},"content":{"rendered":"","protected":false},"excerpt":{"rendered":"<p>MAS ROD\u00d3 \u00e9s pionera en l&#8217;elaboraci\u00f3 del varietal de Montonega, un ra\u00efm aut\u00f2cton que es desenvolupa espont\u00e0niament a partir de ceps de Parellada, generant un fenotip diferent i amb car\u00e0cter. La Montonega \u00e9s un ra\u00efm petit, esc\u00e0s, i rogenc que produeix espont\u00e0niament al voltant de 4500kg per hect\u00e0rea amb la qual produ\u00efm un vi franc, fresc i particular. \u00c9s un vi on el destacable no \u00e9s la fruita sin\u00f3 les herbes arom\u00e0tiques, el fonoll, la fruita seca i una marcada mineralitat i salinitat, factors tots ells definitoris de l&#8217;entorn de MAS ROD\u00d3 i que ens permeten mantenir-lo un any en ampolla afinant-lo i equilibrant la seva acidesa. Una veritable declaraci\u00f3 de principis vinculada a la terra ia la nostra manera d&#8217;entendre el vi.<\/p>\n","protected":false},"featured_media":1420,"template":"","meta":[],"product_cat":[41],"product_tag":[],"acf":[],"_links":{"self":[{"href":"https:\/\/www.masrodo.com\/ca\/wp-json\/wp\/v2\/product\/5570"}],"collection":[{"href":"https:\/\/www.masrodo.com\/ca\/wp-json\/wp\/v2\/product"}],"about":[{"href":"https:\/\/www.masrodo.com\/ca\/wp-json\/wp\/v2\/types\/product"}],"wp:featuredmedia":[{"embeddable":true,"href":"https:\/\/www.masrodo.com\/ca\/wp-json\/wp\/v2\/media\/1420"}],"wp:attachment":[{"href":"https:\/\/www.masrodo.com\/ca\/wp-json\/wp\/v2\/media?parent=5570"}],"wp:term":[{"taxonomy":"product_cat","embeddable":true,"href":"https:\/\/www.masrodo.com\/ca\/wp-json\/wp\/v2\/product_cat?post=5570"},{"taxonomy":"product_tag","embeddable":true,"href":"https:\/\/www.masrodo.com\/ca\/wp-json\/wp\/v2\/product_tag?post=5570"}],"curies":[{"name":"wp","href":"https:\/\/api.w.org\/{rel}","templated":true}]}}