{"id":5486,"date":"2019-02-01T11:11:49","date_gmt":"2019-02-01T11:11:49","guid":{"rendered":"https:\/\/www.masrodo.com\/\/politica-privacidad\/"},"modified":"2019-08-27T12:06:52","modified_gmt":"2019-08-27T12:06:52","slug":"politica-privacidad","status":"publish","type":"page","link":"https:\/\/www.masrodo.com\/ca\/politica-privacidad\/","title":{"rendered":"Pol\u00edtica de privacitat"},"content":{"rendered":"<h2> 1- CONDICIONS GENERALS D&#8217;\u00daS DEL WEB I LA SEVA ACCEPTACI\u00d3<\/h2>\n<p>El present av\u00eds (en endavant, el &#8220;Av\u00eds Legal&#8221;) regula l&#8217;\u00fas del servei d&#8217;acc\u00e9s i utilitzaci\u00f3 de la web que IMPACTE I ACCI\u00d3 SA (en endavant l&#8217;empresa) posa a la seva disposici\u00f3.<\/p>\n<p>IMPACTE I ACCI\u00d3 SA, com a responsable del web informa que t\u00e9 el seu domicili social al c \/ Sant Salvador 63-65 Baixos, 08024 Barcelona, \u200b\u200bamb n\u00famero d&#8217;identificaci\u00f3 fiscal A58763327.<\/p>\n<p>La utilitzaci\u00f3 de la web atribueix la condici\u00f3 d&#8217;usuari de la web (en endavant, &#8220;l&#8217;Usuari&#8221;) i implica l&#8217;acceptaci\u00f3 plena i sense reserves de totes i cadascuna de les disposicions incloses en aquest Av\u00eds Legal en la versi\u00f3 publicada per l&#8217;empresa en el moment mateix en qu\u00e8 l&#8217;Usuari accedeixi a la web. L&#8217;empresa es reserva el dret a modificar unilateralment, en qualsevol moment i sense previ av\u00eds, la presentaci\u00f3 i configuraci\u00f3 dels continguts i els serveis de la web, aix\u00ed com les condicions requerides per a la seva utilitzaci\u00f3 quan aix\u00f2 sigui convenient per a la seva millor prestaci\u00f3.<br \/>\nEl contingut de la present web est\u00e0 protegit per les lleis de propietat intel\u00b7lectual.<br \/>\nAquests continguts han de ser usats de forma correcta i licita per l&#8217;usuari i, en particular resta obligat a utilitzar aquests continguts de forma diligent, correcta i l\u00edcita.<br \/>\nNo podran utilitzar-se els continguts de forma contr\u00e0ria a la llei, a la moral o als bons costums acceptades en ordre p\u00fablic.<br \/>\nEst\u00e0 prohibida la transmissi\u00f3 de qualsevol tipus de dades que vost\u00e8 pugui realitzar a aquesta web, oa altres pertanyents a terceres empreses els links podr\u00e0 trobar dins d&#8217;aquest web, que atempti contra els drets de propietat de tercers, siguin obscens, pornogr\u00e0fics, difamatoris, de car\u00e0cter amena\u00e7ador o material que pugui ser considerat delicte o falta en virtut del vigent Codi Penal.<br \/>\nQueda prohibida la reproducci\u00f3, c\u00f2pia, distribuci\u00f3, transformaci\u00f3 o modificaci\u00f3 de continguts (textos, imatges, veus o estructura) tret que es compti amb l&#8217;autoritzaci\u00f3 expressa i per escrit del titular dels drets adquirits.<\/p>\n<h2> 2. CONDICIONS D&#8217;ACC\u00c9S I UTILITZACI\u00d3 DEL WEB<\/h2>\n<h2> 2.1. Acc\u00e9s i utilitzaci\u00f3 de la web<\/h2>\n<p>La utilitzaci\u00f3 del Portal t\u00e9 car\u00e0cter gratu\u00eft per als usuaris.<\/p>\n<h3> 2.2. Veracitat de la informaci\u00f3<\/h3>\n<p>Tota la informaci\u00f3 que faciliti l&#8217;usuari a trav\u00e9s del web haur\u00e0 de ser vera\u00e7. A aquests efectes, l&#8217;usuari garanteix l&#8217;autenticitat de totes aquelles dades que comuniqui com a conseq\u00fc\u00e8ncia de l&#8217;emplenament dels formularis de recollida de dades. De la mateixa manera, s&#8217;haur\u00e0 de mantenir la informaci\u00f3 facilitada a L&#8217;empresa actualitzada. En tot cas l&#8217;usuari ser\u00e0 l&#8217;\u00fanic responsable de les manifestacions falses o inexactes que realitzi i dels perjudicis que causi a L&#8217;empresa o a tercers per la informaci\u00f3 que faciliti.<\/p>\n<h3> 2.3. Obligaci\u00f3 de fer un \u00fas correcte del web<\/h3>\n<p>L&#8217;usuari es compromet a utilitzar la web de conformitat amb la llei, el present Av\u00eds Legal, i altres avisos, reglaments d&#8217;\u00fas i instruccions posats en el seu coneixement, aix\u00ed com amb la moral i els bons costums generalment acceptats i l&#8217;ordre p\u00fablic.<br \/>\nA aquest efecte, l&#8217;usuari s&#8217;abstindr\u00e0 d&#8217;utilitzar la web amb fins o efectes il\u00b7l\u00edcits, prohibits en el present Av\u00eds Legal, lesius dels drets i interessos de tercers, o que de qualsevol forma puguin danyar, inutilitzar, sobrecarregar, deteriorar o impedir la normal utilitzaci\u00f3 del web dels equips inform\u00e0tics o els documents, arxius i tota classe de continguts emmagatzemats en qualsevol equip inform\u00e0tic de l&#8217;empresa, o de qualsevol usuari d&#8217;Internet (maquinari i programari).<br \/>\nL&#8217;empresa es reserva el dret a denegar o retirar l&#8217;acc\u00e9s al web, en qualsevol moment i sense necessitat de preav\u00eds, a aquells usuaris que incompleixin les presents Condicions Generals.<\/p>\n<h2> 3- COPYRIGHT I MARQUES REGISTRADES<\/h2>\n<p>Totes les marques, noms comercials o signes distintius de qualsevol classe que apareixen al web s\u00f3n propietat de l&#8217;empresa o de tercers, sense que pugui entendre que l&#8217;\u00fas o acc\u00e9s al web i \/ o als serveis atribueixi a l&#8217;usuari dret algun sobre les citades marques, noms comercials i \/ o signes distintius.<br \/>\nAix\u00ed mateix, els continguts s\u00f3n propietat intel\u00b7lectual de l&#8217;empresa o de tercers, sense que puguin entendre cedits a l&#8217;usuari, en virtut del que estableix aquest Av\u00eds Legal, cap dels drets d&#8217;explotaci\u00f3 que existeixen o puguin existir sobre dits continguts van m\u00e9s enll\u00e0 de l&#8217;estrictament necessari per al correcte \u00fas del web.<\/p>\n<h2> 4- Politica de protecci\u00f3 de dades<\/h2>\n<p>A trav\u00e9s del present av\u00eds, de l&#8217;empresa informa als usuaris del website, en compliment de la llei de protecci\u00f3 de dades de car\u00e0cter personal (en endavant LOPD) sobre la seva pol\u00edtica de protecci\u00f3 de dades personals amb la finalitat que aquests decideixin de forma expressa, lliure i volunt\u00e0ria, si desitgen facilitar a l&#8217;empresa les dades personals que li s\u00f3n sol\u00b7licitades en el lloc web per a la prestaci\u00f3 dels seus serveis.<\/p>\n<p>Tamb\u00e9 s&#8217;informa als usuaris de la incorporaci\u00f3 de les dades recollides &amp; nbsp; seran bolcats a un fitxer &amp; nbsp; el titular i responsable \u00e9s IMPACTE I ACCI\u00d3 SA, portant a terme un tractament automatitzat de dades conforme a les finalitats especificades i altres previsions establertes en la present pol\u00edtica de privacitat.<\/p>\n<p>L&#8217;empresa, adverteix a l&#8217;usuari de la utilitzaci\u00f3 de cookies quan l&#8217;usuari navega per la p\u00e0gina web Pol\u00edtica de galetes<\/p>\n<p>L&#8217;usuari o persona que el representi podr\u00e0 exercitar en qualsevol moment el dret d&#8217;acc\u00e9s, rectificaci\u00f3, cancel\u00b7laci\u00f3 i oposici\u00f3 d&#8217;acord amb el que estableix la LOPD i altra normativa aplicable a aquest efecte, aquests drets es poden fer efectius mitjan\u00e7ant una comunicaci\u00f3 escrita dirigida, i acompanyada de fotoc\u00f2pia del DNI, a l&#8217;adre\u00e7a:<\/p>\n<p>c \/ Sant Salvador 63-65 Baixos, 08024 Barcelona en qu\u00e8 s&#8217;acrediti la identitat de l&#8217;usuari, o b\u00e9 a l&#8217;adre\u00e7a electr\u00f2nica info@masrodo.com<\/p>\n<p>Les dades que se sol\u00b7liciten s\u00f3n les adequades, pertinents i no excessives en relaci\u00f3 amb l&#8217;\u00e0mbit, les finalitats i serveis determinats, expl\u00edcits i leg\u00edtims de l&#8217;empresa.<\/p>\n<p>L&#8217;empresa podr\u00e0 utilitzar les dades de car\u00e0cter identificatives de les persones registrades (nom, correu electr\u00f2nic) per a l&#8217;enviament d&#8217;informaci\u00f3 de serveis propis o comercialitzats per ell.<\/p>\n<p>S&#8217;entendr\u00e0 expressament acceptat el tractament de dades amb les finalitats anteriorment indicades al pr\u00e9mer el bot\u00f3 &#8220;ENVIAR&#8221; que figuren en el formulari de recollida de dades, segons l&#8217;article 21 de la Llei 34\/2002, de Serveis de la Societat de la Informaci\u00f3 i de comer\u00e7 electr\u00f2nic. Els usuaris, en qualsevol moment, podran oposar-se a aquest tractament de les seves dades amb les finalitats indicades, mitjan\u00e7ant el procediment indicat per a l&#8217;exercici d&#8217;aquest dret de oposici\u00f3.<\/p>\n<p>L&#8217;empresa ha adoptat els nivells de seguretat de protecci\u00f3 de les dades personals exigits en la legislaci\u00f3 vigent sobre protecci\u00f3 de dades, instal\u00b7lant les mesures t\u00e8cniques i organitzatives necess\u00e0ries per evitar la p\u00e8rdua, mal \u00fas, alteraci\u00f3, acc\u00e9s no autoritzat i altres riscos possibles.<\/p>\n<p>Igualment, l&#8217;empresa s&#8217;obliga a complir amb secret les dades contingudes en els fitxers segons el que estableix la legislaci\u00f3 de protecci\u00f3 de dades aplicable. En particular, l&#8217;empresa informa que ha subscrit els pertinents acords de confidencialitat i protecci\u00f3 de dades amb tercers que tenen acc\u00e9s a dades personals responsabilitat de l&#8217;empresa per a la prestaci\u00f3 d&#8217;un servei a aquesta.<\/p>\n<h2> 5- DURADA<\/h2>\n<p>L&#8217;empresa podr\u00e0 interrompre el servei del web no obstant aix\u00f2, est\u00e0 autoritzada a donar per acabada o suspendre la prestaci\u00f3 dels Serveis en qualsevol moment. Quan aix\u00f2 sigui raonablement possible, l&#8217;empresa advertir\u00e0 pr\u00e8viament l&#8217;acabament o suspensi\u00f3 de la prestaci\u00f3 dels serveis del web.<\/p>\n<h2> 6.- RESPONSABILITATS PER DANYS I PERJUDICIS<\/h2>\n<p>L&#8217;usuari del web o de qualsevol de les p\u00e0gines web de terceres empreses, incloses en el website o amb un acc\u00e9s mitjan\u00e7ant un link des del mateix, ser\u00e0 responsable dels danys i perjudicis que l&#8217;empresa pugui patir directament o indirectament, com a conseq\u00fc\u00e8ncia del incompliment de qualsevol de les obligacions derivades establertes en el present Av\u00eds Legal.<\/p>\n<h2> 7- L\u00cdMIT DE RESPONSABILITAT<\/h2>\n<p>L&#8217;empresa no garanteix la disponibilitat del funcionament dels serveis de la web.<br \/>\nQuan aix\u00f2 sigui raonablement possible, l&#8217;empresa advertir\u00e0 pr\u00e8viament les interrupcions en el funcionament del web. l&#8217;empresa tampoc garanteix la unitat dels Serveis per a la realitzaci\u00f3 de cap activitat en particular, ni la seva inhabilitat, i en particular, encara que no de manera exclusiva, que els usuaris puguin efectivament utilitzar els Serveis i accedir a les diferents p\u00e0gines web des de les que es prestin els Serveis.<br \/>\nL&#8217;empresa no garanteix la privacitat i la seguretat de la utilitzaci\u00f3 del web, no pot garantir la invulnerabilitat absoluta dels seus sistemes de seguretat.<\/p>\n<p>L&#8217;empresa no controla ni garanteix l&#8217;abs\u00e8ncia de virus ni d&#8217;altres elements en els Continguts que puguin produir alteracions en el sistema inform\u00e0tic de l&#8217;usuari (software i hardware) o en els documents electr\u00f2nics i fitxers emmagatzemats en aquest.<br \/>\nDe la mateixa manera, l&#8217;empresa, eludeix tota responsabilitat en els sup\u00f2sits de fallada en el rendiment, error, omissi\u00f3, interrupci\u00f3, defecte de demora en l&#8217;operaci\u00f3 de transmissi\u00f3, fallada del sistema o l\u00ednia, aix\u00ed com en el contingut, exactitud i opinions expressades i altres connexions subministrades per aquests mitjans.<\/p>\n<p>L&#8217;empresa no garanteix la licitud, fiabilitat i utilitat dels Continguts, ni tampoc garanteix la veracitat, exactitud, exhaustivitat i actualitat dels Continguts.<br \/>\nAquesta web pot establir enlla\u00e7os a altres p\u00e0gines web que pertanyen a tercers sobre els quals l&#8217;empresa no t\u00e9 cap control. En aquests sup\u00f2sits l&#8217;empresa no assumeix cap responsabilitat ni comprom\u00eds sobre la informaci\u00f3 continguda en aquestes p\u00e0gines ni dels serveis o productes que en elles s&#8217;inclogui o ofereixi.<\/p>\n<p>En cas que una autoritat judicial comuniqui a l&#8217;empresa o aquesta tingui coneixement efectiu de l&#8217;exist\u00e8ncia d&#8217;una informaci\u00f3 il\u00b7l\u00edcita continguda en la web o que lesioni bens o drets d&#8217;un tercer susceptible d&#8217;indemnitzaci\u00f3, l&#8217;empresa col\u00b7laborar\u00e0 amb les organismes competents per a la identificaci\u00f3 dels persones responsables d&#8217;haver publicat la informaci\u00f3 il\u00b7l\u00edcita, i en tot cas, procedir\u00e0 a retirar tal informaci\u00f3 o fer impossible l&#8217;acc\u00e9s a la mateixa.<\/p>\n","protected":false},"excerpt":{"rendered":"<p>1- CONDICIONS GENERALS D&#8217;\u00daS DEL WEB I LA SEVA ACCEPTACI\u00d3 El present av\u00eds (en endavant, el &#8220;Av\u00eds Legal&#8221;) regula l&#8217;\u00fas del servei d&#8217;acc\u00e9s i utilitzaci\u00f3 de la web que IMPACTE<br class=\"read-more-spacer\"> <a class=\"more-link\" href=\"https:\/\/www.masrodo.com\/ca\/politica-privacidad\/\">Read More<\/a><\/p>\n","protected":false},"author":1,"featured_media":0,"parent":0,"menu_order":0,"comment_status":"closed","ping_status":"open","template":"","meta":{"footnotes":""},"acf":[],"_links":{"self":[{"href":"https:\/\/www.masrodo.com\/ca\/wp-json\/wp\/v2\/pages\/5486"}],"collection":[{"href":"https:\/\/www.masrodo.com\/ca\/wp-json\/wp\/v2\/pages"}],"about":[{"href":"https:\/\/www.masrodo.com\/ca\/wp-json\/wp\/v2\/types\/page"}],"author":[{"embeddable":true,"href":"https:\/\/www.masrodo.com\/ca\/wp-json\/wp\/v2\/users\/1"}],"replies":[{"embeddable":true,"href":"https:\/\/www.masrodo.com\/ca\/wp-json\/wp\/v2\/comments?post=5486"}],"version-history":[{"count":3,"href":"https:\/\/www.masrodo.com\/ca\/wp-json\/wp\/v2\/pages\/5486\/revisions"}],"predecessor-version":[{"id":10496,"href":"https:\/\/www.masrodo.com\/ca\/wp-json\/wp\/v2\/pages\/5486\/revisions\/10496"}],"wp:attachment":[{"href":"https:\/\/www.masrodo.com\/ca\/wp-json\/wp\/v2\/media?parent=5486"}],"curies":[{"name":"wp","href":"https:\/\/api.w.org\/{rel}","templated":true}]}}