{"id":5474,"date":"2019-04-01T13:26:59","date_gmt":"2019-04-01T13:26:59","guid":{"rendered":"https:\/\/www.masrodo.com\/\/cookies\/"},"modified":"2019-10-07T15:13:13","modified_gmt":"2019-10-07T15:13:13","slug":"cookies","status":"publish","type":"page","link":"https:\/\/www.masrodo.com\/ca\/cookies\/","title":{"rendered":"Cookies"},"content":{"rendered":"<h2>Qu\u00e8 s\u00f3n les galetes?<\/h2>\n<p>Una Cookie \u00e9s un fitxer que es descarrega al teu ordinador en accedir a determinades p\u00e0gines web. Les cookies permeten a una p\u00e0gina web, entre altres coses, emmagatzemar i recuperar informaci\u00f3 sobre els h\u00e0bits de navegaci\u00f3 d&#8217;un usuari o del teu equip i, depenent de la informaci\u00f3 que contingui i de la forma en qu\u00e8 utilitzi el teu equip, es poden utilitzar per recon\u00e8ixer a l&#8217;usuari.<\/p>\n<p>Les cookies s\u00f3n essencials per al funcionament d&#8217;internet, aportant innombrables avantatges en la prestaci\u00f3 de serveis interactius, facilitant la navegaci\u00f3 i usabilitat de la nostra web.<\/p>\n<h2>Quins tipus de cookies utilitzem?<\/h2>\n<p>A m\u00e9s de les nostres pr\u00f2pies galetes de navegaci\u00f3, tamb\u00e9 fem servir diferents eines que ens ajuden a donar-te un servei molt m\u00e9s personalitzat mitjan\u00e7ant l&#8217;\u00fas de cookies, com \u00e9s el cas de:<\/p>\n<ul>\n<li>Google Analytics<\/li>\n<\/ul>\n<h2>Es poden configurar les galetes?<\/h2>\n<p>Tens la possibilitat de configurar el seu navegador de manera que se&#8217;t informe de la recepci\u00f3 de cookies, podent, si aix\u00ed ho desitja, impedir que siguin instal\u00b7lades en el teu disc dur.<\/p>\n<h2>Com configurar les galetes?<\/h2>\n<p>A continuaci\u00f3 et proporcionem els enlla\u00e7os de diversos navegadors, a trav\u00e9s dels quals podr\u00e0s realitzar aquesta configuraci\u00f3:<\/p>\n<ul>\n<li><a href=\"https:\/\/support.mozilla.org\/es\/kb\/habilitar-y-deshabilitar-cookies-sitios-web-rastrear-preferencias?redirectlocale=es&amp;redirectslug=habilitar-y-deshabilitar-cookies-que-los-sitios-we\" target=\"_blank\" rel=\"noopener noreferrer\">Firefox<\/a><\/li>\n<li><a href=\"https:\/\/support.google.com\/chrome\/answer\/95647?hl=es\" target=\"_blank\" rel=\"noopener noreferrer\">Chrome<\/a><\/li>\n<li><a href=\"https:\/\/support.microsoft.com\/en-us\/help\/17442\/windows-internet-explorer-delete-manage-cookies#ie=ie-10\" target=\"_blank\" rel=\"noopener noreferrer\">Explorer<\/a><\/li>\n<li><a href=\"https:\/\/support.apple.com\/kb\/ph17191?locale=es_ES\" target=\"_blank\" rel=\"noopener noreferrer\">Safari<\/a><\/li>\n<li><a href=\"https:\/\/help.opera.com\/en\/latest\/web-preferences\/#cookies\" target=\"_blank\" rel=\"noopener noreferrer\">Opera<\/a><\/li>\n<\/ul>\n","protected":false},"excerpt":{"rendered":"<p>Qu\u00e8 s\u00f3n les galetes? Una Cookie \u00e9s un fitxer que es descarrega al teu ordinador en accedir a determinades p\u00e0gines web. Les cookies permeten a una p\u00e0gina web, entre altres<br class=\"read-more-spacer\"> <a class=\"more-link\" href=\"https:\/\/www.masrodo.com\/ca\/cookies\/\">Read More<\/a><\/p>\n","protected":false},"author":1,"featured_media":0,"parent":0,"menu_order":0,"comment_status":"closed","ping_status":"closed","template":"","meta":{"footnotes":""},"acf":[],"_links":{"self":[{"href":"https:\/\/www.masrodo.com\/ca\/wp-json\/wp\/v2\/pages\/5474"}],"collection":[{"href":"https:\/\/www.masrodo.com\/ca\/wp-json\/wp\/v2\/pages"}],"about":[{"href":"https:\/\/www.masrodo.com\/ca\/wp-json\/wp\/v2\/types\/page"}],"author":[{"embeddable":true,"href":"https:\/\/www.masrodo.com\/ca\/wp-json\/wp\/v2\/users\/1"}],"replies":[{"embeddable":true,"href":"https:\/\/www.masrodo.com\/ca\/wp-json\/wp\/v2\/comments?post=5474"}],"version-history":[{"count":2,"href":"https:\/\/www.masrodo.com\/ca\/wp-json\/wp\/v2\/pages\/5474\/revisions"}],"predecessor-version":[{"id":10585,"href":"https:\/\/www.masrodo.com\/ca\/wp-json\/wp\/v2\/pages\/5474\/revisions\/10585"}],"wp:attachment":[{"href":"https:\/\/www.masrodo.com\/ca\/wp-json\/wp\/v2\/media?parent=5474"}],"curies":[{"name":"wp","href":"https:\/\/api.w.org\/{rel}","templated":true}]}}