{"id":5469,"date":"2019-04-01T14:47:58","date_gmt":"2019-04-01T14:47:58","guid":{"rendered":"https:\/\/www.masrodo.com\/\/terminos-y-condiciones-de-venta\/"},"modified":"2019-08-28T08:34:33","modified_gmt":"2019-08-28T08:34:33","slug":"terminos-y-condiciones-de-venta","status":"publish","type":"page","link":"https:\/\/www.masrodo.com\/ca\/terminos-y-condiciones-de-venta\/","title":{"rendered":"Condicions de venda"},"content":{"rendered":"<h2> Qu\u00e8 faig si el vi que m&#8217;heu enviat est\u00e0 en mal estat?<\/h2>\n<p>Si un dels vins que reps est\u00e0 en mal estat o bouchonn\u00e9, posa&#8217;t en contacte amb nosaltres enviant un correu electr\u00f2nic a info@masrodol.com, i nosaltres solucionarem la incid\u00e8ncia. Et tornarem a enviar l&#8217;ampolla ..<\/p>\n<h2> Qu\u00e8 he de fer si la meva comanda arriba en mal estat?<\/h2>\n<p>Si en el moment de rebre una comanda detectes alguna caixa humida o sospites que es pot haver produ\u00eft un trencament, no acceptis la comanda i ens posarem en contacte amb tu per resoldre la incid\u00e8ncia.<\/p>\n<h2> Qu\u00e8 he de fer si la meva comanda est\u00e0 incomplet o no correspon amb el que vaig comprar?<\/h2>\n<p>Si hem com\u00e8s algun error en la preparaci\u00f3 de la teva comanda simplement envia un email a info@masrodo.com indicant les teves dades, i el remplazaremos pel correcte sense cap cost; o si ho prefereixes, t&#8217;ho rembolsaremos.<br \/>\nRecorda que abans d&#8217;acceptar qualsevol comanda, \u00e9s important que sempre es verifiqui el contingut i estat del mateix i no acceptar-ho si es detecta qualsevol incid\u00e8ncia.<\/p>\n","protected":false},"excerpt":{"rendered":"<p>Qu\u00e8 faig si el vi que m&#8217;heu enviat est\u00e0 en mal estat? Si un dels vins que reps est\u00e0 en mal estat o bouchonn\u00e9, posa&#8217;t en contacte amb nosaltres enviant<br class=\"read-more-spacer\"> <a class=\"more-link\" href=\"https:\/\/www.masrodo.com\/ca\/terminos-y-condiciones-de-venta\/\">Read More<\/a><\/p>\n","protected":false},"author":1,"featured_media":0,"parent":0,"menu_order":0,"comment_status":"closed","ping_status":"closed","template":"","meta":{"footnotes":""},"acf":[],"_links":{"self":[{"href":"https:\/\/www.masrodo.com\/ca\/wp-json\/wp\/v2\/pages\/5469"}],"collection":[{"href":"https:\/\/www.masrodo.com\/ca\/wp-json\/wp\/v2\/pages"}],"about":[{"href":"https:\/\/www.masrodo.com\/ca\/wp-json\/wp\/v2\/types\/page"}],"author":[{"embeddable":true,"href":"https:\/\/www.masrodo.com\/ca\/wp-json\/wp\/v2\/users\/1"}],"replies":[{"embeddable":true,"href":"https:\/\/www.masrodo.com\/ca\/wp-json\/wp\/v2\/comments?post=5469"}],"version-history":[{"count":2,"href":"https:\/\/www.masrodo.com\/ca\/wp-json\/wp\/v2\/pages\/5469\/revisions"}],"predecessor-version":[{"id":10498,"href":"https:\/\/www.masrodo.com\/ca\/wp-json\/wp\/v2\/pages\/5469\/revisions\/10498"}],"wp:attachment":[{"href":"https:\/\/www.masrodo.com\/ca\/wp-json\/wp\/v2\/media?parent=5469"}],"curies":[{"name":"wp","href":"https:\/\/api.w.org\/{rel}","templated":true}]}}