{"id":5434,"date":"2019-03-22T14:04:28","date_gmt":"2019-03-22T14:04:28","guid":{"rendered":"https:\/\/www.masrodo.com\/\/noticias\/"},"modified":"2020-02-05T11:37:55","modified_gmt":"2020-02-05T10:37:55","slug":"noticias","status":"publish","type":"page","link":"https:\/\/www.masrodo.com\/ca\/noticias\/","title":{"rendered":"Concurs Monovino 2020"},"content":{"rendered":"\n<p>El passat 30 de gener va tenir lloc a les instal\u00b7lacions de l&#8217;Escola Espanyola de Tast de Madrid la sessi\u00f3 de tasts finals dels <strong>VII Premis MonoVino 2020<\/strong>. Aquest Concurs, organitzat per Alamesa Wine &amp; Beer Action Marketing, ha servit un cop m\u00e9s per posar en valor i guardonar als <strong>millors vins elaborats amb una \u00fanica varietat de ra\u00efm <\/strong>que es troben avui dia al mercat. De fet, aquests Premis poden presumir de ser, un any m\u00e9s, el Concurs Oficial celebrat a Espanya que acull el major nombre de vins produ\u00efts amb diferents varietals. <strong>MAS ROD\u00d3<\/strong> es va dur 2 ors per al <strong>MAS ROD\u00d3 Merlot<\/strong> i el <strong>MAS ROD\u00d3 Cabernet Sauvignon<\/strong>.<\/p>\n","protected":false},"excerpt":{"rendered":"<p>El passat 30 de gener va tenir lloc a les instal\u00b7lacions de l&#8217;Escola Espanyola de Tast de Madrid la sessi\u00f3 de tasts finals dels VII Premis MonoVino 2020. Aquest Concurs,<br class=\"read-more-spacer\"> <a class=\"more-link\" href=\"https:\/\/www.masrodo.com\/ca\/noticias\/\">Read More<\/a><\/p>\n","protected":false},"author":1,"featured_media":13651,"parent":0,"menu_order":0,"comment_status":"closed","ping_status":"closed","template":"theme-templates\/blog.php","meta":{"footnotes":""},"acf":[],"_links":{"self":[{"href":"https:\/\/www.masrodo.com\/ca\/wp-json\/wp\/v2\/pages\/5434"}],"collection":[{"href":"https:\/\/www.masrodo.com\/ca\/wp-json\/wp\/v2\/pages"}],"about":[{"href":"https:\/\/www.masrodo.com\/ca\/wp-json\/wp\/v2\/types\/page"}],"author":[{"embeddable":true,"href":"https:\/\/www.masrodo.com\/ca\/wp-json\/wp\/v2\/users\/1"}],"replies":[{"embeddable":true,"href":"https:\/\/www.masrodo.com\/ca\/wp-json\/wp\/v2\/comments?post=5434"}],"version-history":[{"count":3,"href":"https:\/\/www.masrodo.com\/ca\/wp-json\/wp\/v2\/pages\/5434\/revisions"}],"predecessor-version":[{"id":13657,"href":"https:\/\/www.masrodo.com\/ca\/wp-json\/wp\/v2\/pages\/5434\/revisions\/13657"}],"wp:featuredmedia":[{"embeddable":true,"href":"https:\/\/www.masrodo.com\/ca\/wp-json\/wp\/v2\/media\/13651"}],"wp:attachment":[{"href":"https:\/\/www.masrodo.com\/ca\/wp-json\/wp\/v2\/media?parent=5434"}],"curies":[{"name":"wp","href":"https:\/\/api.w.org\/{rel}","templated":true}]}}