{"id":5408,"date":"2016-04-15T12:53:11","date_gmt":"2016-04-15T12:53:11","guid":{"rendered":"https:\/\/www.masrodo.com\/\/shop\/"},"modified":"2019-09-10T14:25:39","modified_gmt":"2019-09-10T14:25:39","slug":"productes","status":"publish","type":"page","link":"https:\/\/www.masrodo.com\/ca\/productes\/","title":{"rendered":"Productes"},"content":{"rendered":"<section class=\"wpb-content-wrapper\"><p>[vc_row full_width=&#8221;stretch_row_content_no_spaces&#8221;][vc_column css=&#8221;.vc_custom_1559834002341{margin-top: 0px !important;margin-right: 0px !important;margin-bottom: 0px !important;margin-left: 0px !important;padding-top: 0px !important;padding-right: 0px !important;padding-bottom: 0px !important;padding-left: 0px !important;}&#8221; offset=&#8221;vc_col-lg-6 vc_col-md-6&#8243;][vc_single_image image=&#8221;1438&#8243; img_size=&#8221;full&#8221; el_id=&#8221;botella-horizontal&#8221;][\/vc_column][vc_column css=&#8221;.vc_custom_1561969707134{padding-right: 15% !important;padding-left: 30px !important;}&#8221; offset=&#8221;vc_col-lg-6 vc_col-md-6&#8243; el_id=&#8221;texto-botella-horizontal&#8221;][vc_empty_space height=&#8221;120px&#8221;]\n\t<div class=\"title-subtitle-box \" style=\" margin-bottom:90px; text-align: left;\">\n\t\t<p  style=\"\">Els nostres vins<\/p>\n\t\t<h1 style=\" font-style: normal;\">Perseguim la m\u00e0xima expressi\u00f3<\/h1>\n\t<\/div> [vc_column_text css=&#8221;.vc_custom_1567632864931{margin-bottom: 90px !important;}&#8221;]Exig\u00e8ncia i dedicaci\u00f3 s\u00f3n conceptes que defineixen la nostra tasca. I les raons de la nostra aposta per l&#8217;elaboraci\u00f3 de vins monovarietals DO Pened\u00e8s. Som pioners en la producci\u00f3 de vi amb <a href=\"https:\/\/www.masrodo.com\/ca\/producte\/montonega\/?lang=ca\">Montonega<\/a>, una variant aut\u00f2ctona de la Parellada, m\u00e9s intensa i expressiva, de pell vermellosa i que nom\u00e9s creix en determinats terrers. Apostem pel <a href=\"https:\/\/www.masrodo.com\/ca\/producte\/riesling\/?lang=ca\">Riesling <\/a>, que a MAS ROD\u00d3 es desenvolupa amb matisos mediterranis in\u00e8dits. Tractem el ra\u00efm <a href=\"https:\/\/www.masrodo.com\/ca\/producte\/macabeu\/?lang=ca\">Macabeu<\/a> amb rigor i paci\u00e8ncia, i aix\u00f2 ens permet produir un vi blanc extraordinari i amb una personalitat diferencial. El nostre <a href=\"https:\/\/www.masrodo.com\/ca\/producte\/cabernet-sauvignon\/?lang=ca\"> Cabernet Sauvignon<\/a> brilla amb llum pr\u00f2pia i destaca com un paradigma d&#8217;equilibri i bona maduraci\u00f3. I del <a href=\"https:\/\/www.masrodo.com\/ca\/producte\/merlot\/?lang=ca\">Merlot<\/a> extraiem un vi intens i viva\u00e7 aportant una nova perspectiva a una de les varietats m\u00e9s conreades a tot el m\u00f3n.<br \/>\nA m\u00e9s dels Monovarietals elaborem la l\u00ednia Inc\u00f2gnit. Cupatges duts a terme per arribar al m\u00e0xim de consumidors i ocasions, amb la qualitat i l\u2019exig\u00e8ncia de Mas Rod\u00f3.[\/vc_column_text][vc_btn title=&#8221;Monovarietals&#8221; style=&#8221;custom&#8221; custom_background=&#8221;#b0976d&#8221; custom_text=&#8221;#ffffff&#8221; shape=&#8221;square&#8221; link=&#8221;url:%23monovarietales|||&#8221;][vc_btn title=&#8221;Inc\u00f2gnit&#8221; style=&#8221;custom&#8221; custom_background=&#8221;#000000&#8243; custom_text=&#8221;#ffffff&#8221; shape=&#8221;square&#8221; link=&#8221;url:%23incognit|||&#8221; el_class=&#8221;flr&#8221;][\/vc_column][\/vc_row][vc_row full_width=&#8221;stretch_row&#8221; equal_height=&#8221;yes&#8221; content_placement=&#8221;middle&#8221; css=&#8221;.vc_custom_1552923429060{background-color: #f1f1f1 !important;}&#8221; el_id=&#8221;monovarietales&#8221;][vc_column width=&#8221;7\/12&#8243; offset=&#8221;vc_col-lg-8 vc_col-md-8&#8243;][vc_single_image image=&#8221;1700&#8243; img_size=&#8221;full&#8221;][\/vc_column][vc_column width=&#8221;5\/12&#8243; css=&#8221;.vc_custom_1551372129359{padding-top: 20% !important;padding-right: 20% !important;padding-bottom: 20% !important;padding-left: 20% !important;background-color: #ffffff !important;background-position: 0 0 !important;background-repeat: no-repeat !important;}&#8221; offset=&#8221;vc_col-lg-4 vc_col-md-4&#8243;]\n\t<div class=\"title-subtitle-box \" style=\" text-align: left;\">\n\t\t<p  style=\"\">Mas Rod\u00f3<\/p>\n\t\t<h2 style=\" font-style: normal;\">Monovarietals<\/h2>\n\t<\/div> \n\t<div class=\"gg_list list_style_line   \">\n<ul>\n<li><a class=\"cb\" href=\"https:\/\/www.masrodo.com\/ca\/producte\/montonega\/?lang=ca\">Montonega<\/a><\/li>\n<li><a class=\"cb\" href=\"https:\/\/www.masrodo.com\/ca\/producte\/riesling\/?lang=ca\">Riesling<\/a><\/li>\n<li><a class=\"cb\" href=\"https:\/\/www.masrodo.com\/ca\/producte\/macabeu\/?lang=ca\">Macabeu<\/a><\/li>\n<li><a class=\"cb\" href=\"https:\/\/www.masrodo.com\/ca\/producte\/merlot\/?lang=ca\">Merlot<\/a><\/li>\n<li><a class=\"cb\" href=\"https:\/\/www.masrodo.com\/ca\/producte\/cabernet-sauvignon\/?lang=ca\">Cabernet Sauvignon<\/a><\/li>\n<li><a class=\"cb\" href=\"https:\/\/www.masrodo.com\/ca\/producte\/reserva-de-la-propietat\/?lang=ca\">Reserva de la propietat<\/a><\/li>\n<\/ul>\n<\/div>[vc_btn title=&#8221;Mira\u2019ls tots&#8221; style=&#8221;custom&#8221; custom_background=&#8221;#000000&#8243; custom_text=&#8221;#ffffff&#8221; shape=&#8221;square&#8221; link=&#8221;url:%23allmonovarietales|||&#8221; css=&#8221;.vc_custom_1565770863644{margin-bottom: 0px !important;}&#8221;][\/vc_column][\/vc_row][vc_row full_width=&#8221;stretch_row&#8221; equal_height=&#8221;yes&#8221; content_placement=&#8221;middle&#8221; el_id=&#8221;incognit&#8221;][vc_column width=&#8221;1\/3&#8243; css=&#8221;.vc_custom_1559830504292{padding-top: 20% !important;padding-right: 20% !important;padding-bottom: 20% !important;padding-left: 20% !important;background-color: #f1f1f1 !important;background-position: 0 0 !important;background-repeat: no-repeat !important;}&#8221;]\n\t<div class=\"title-subtitle-box \" style=\" text-align: left;\">\n\t\t<p  style=\"\">Mas Rod\u00f3<\/p>\n\t\t<h2 style=\" font-style: normal;\">Inc\u00f2gnit<\/h2>\n\t<\/div> \n\t<div class=\"gg_list list_style_line   \">\n<ul>\n<li><a class=\"cb\" href=\"\/incognit-blanc\/?lang=ca\">Inc\u00f2gnit blanc<\/a><\/li>\n<li><a class=\"cb\" href=\"https:\/\/www.masrodo.com\/ca\/producte\/incognit-rosat\/?lang=ca\">Inc\u00f2gnit rosat<\/a><\/li>\n<li><a class=\"cb\" href=\"https:\/\/www.masrodo.com\/ca\/producte\/incognit-negre\/?lang=ca\">Inc\u00f2gnit negre<\/a><\/li>\n<\/ul>\n<\/div>[vc_btn title=&#8221;Mira\u2019ls tots&#8221; style=&#8221;custom&#8221; custom_background=&#8221;#000000&#8243; custom_text=&#8221;#ffffff&#8221; shape=&#8221;square&#8221; link=&#8221;url:%23allincognit|||&#8221; css=&#8221;.vc_custom_1565770883536{margin-bottom: 0px !important;}&#8221;][\/vc_column][vc_column width=&#8221;2\/3&#8243;][vc_single_image image=&#8221;5218&#8243; img_size=&#8221;full&#8221; alignment=&#8221;right&#8221;][\/vc_column][\/vc_row][vc_row el_id=&#8221;allmonovarietales&#8221; css=&#8221;.vc_custom_1562589250338{padding-top: 0px !important;padding-bottom: 0px !important;}&#8221;][vc_column]<div class=\"woocommerce columns-3 \"><div class=\"row\">\r\n<ul class=\"products\">\r\n<li class=\"col-xs-12 col-sm-4 col-md-4 post-5570 product type-product status-publish has-post-thumbnail hentry product_cat-vinos-blancos-ca\">\r\n\r\n\t<div class=\"gg-product-image-wrapper\"><\/div><\/a><div class=\"gg-product-meta-wrapper\">\r\n<dl>\r\n    \r\n            <dt>\r\n            Price        <\/dt>\r\n        \r\n    <dd>\r\n        <span class=\"price\"><span class=\"woocommerce-Price-amount amount\"><bdi><span class=\"woocommerce-Price-currencySymbol\">&euro;<\/span>12.75<\/bdi><\/span><\/span>\r\n    <\/dd>\r\n        <\/dl>\r\n<a href=\"https:\/\/www.masrodo.com\/ca\/producte\/montonega\/\" class=\"button btn btn-secondary\">Veure detall<\/a><a href=\"?add-to-cart=5570\" data-quantity=\"1\" class=\"button product_type_simple add_to_cart_button ajax_add_to_cart\" data-product_id=\"5570\" data-product_sku=\"\" aria-label=\"Add &ldquo;Montonega&rdquo; to your cart\" aria-describedby=\"\" rel=\"nofollow\">Add to cart<\/a><\/div> <div class=\"final-line\"><\/div><\/li>\r\n\r\n<li class=\"col-xs-12 col-sm-4 col-md-4 post-5572 product type-product status-publish has-post-thumbnail hentry product_cat-vinos-blancos-ca\">\r\n\r\n\t<div class=\"gg-product-image-wrapper\"><\/div><\/a><div class=\"gg-product-meta-wrapper\">\r\n<dl>\r\n    \r\n            <dt>\r\n            Price        <\/dt>\r\n        \r\n    <dd>\r\n        <span class=\"price\"><span class=\"woocommerce-Price-amount amount\"><bdi><span class=\"woocommerce-Price-currencySymbol\">&euro;<\/span>18.95<\/bdi><\/span><\/span>\r\n    <\/dd>\r\n        <\/dl>\r\n<a href=\"https:\/\/www.masrodo.com\/ca\/producte\/riesling\/\" class=\"button btn btn-secondary\">Veure detall<\/a><a href=\"?add-to-cart=5572\" data-quantity=\"1\" class=\"button product_type_simple add_to_cart_button ajax_add_to_cart\" data-product_id=\"5572\" data-product_sku=\"\" aria-label=\"Add &ldquo;Riesling&rdquo; to your cart\" aria-describedby=\"\" rel=\"nofollow\">Add to cart<\/a><\/div> <div class=\"final-line\"><\/div><\/li>\r\n\r\n<li class=\"col-xs-12 col-sm-4 col-md-4 post-5574 product type-product status-publish has-post-thumbnail hentry product_cat-vinos-blancos-ca\">\r\n\r\n\t<div class=\"gg-product-image-wrapper\"><\/div><\/a><div class=\"gg-product-meta-wrapper\">\r\n<dl>\r\n    \r\n            <dt>\r\n            Price        <\/dt>\r\n        \r\n    <dd>\r\n        <span class=\"price\"><span class=\"woocommerce-Price-amount amount\"><bdi><span class=\"woocommerce-Price-currencySymbol\">&euro;<\/span>15.95<\/bdi><\/span><\/span>\r\n    <\/dd>\r\n        <\/dl>\r\n<a href=\"https:\/\/www.masrodo.com\/ca\/producte\/macabeu\/\" class=\"button btn btn-secondary\">Veure detall<\/a><a href=\"?add-to-cart=5574\" data-quantity=\"1\" class=\"button product_type_simple add_to_cart_button ajax_add_to_cart\" data-product_id=\"5574\" data-product_sku=\"\" aria-label=\"Add &ldquo;Macabeu&rdquo; to your cart\" aria-describedby=\"\" rel=\"nofollow\">Add to cart<\/a><\/div> <div class=\"final-line\"><\/div><\/li>\r\n<\/ul>\r\n<\/div><\/div>[\/vc_column][\/vc_row][vc_row css=&#8221;.vc_custom_1561470132852{padding-top: 0px !important;padding-bottom: 0px !important;}&#8221; el_id=&#8221;onlynegres&#8221;][vc_column]<div class=\"woocommerce columns-3 \"><div class=\"row\">\r\n<ul class=\"products\">\r\n<li class=\"col-xs-12 col-sm-4 col-md-4 post-5576 product type-product status-publish has-post-thumbnail hentry product_cat-vinos-tintos-ca\">\r\n\r\n\t<div class=\"gg-product-image-wrapper\"><\/div><\/a><div class=\"gg-product-meta-wrapper\">\r\n<dl>\r\n    \r\n            <dt>\r\n            Price        <\/dt>\r\n        \r\n    <dd>\r\n        <span class=\"price\"><span class=\"woocommerce-Price-amount amount\"><bdi><span class=\"woocommerce-Price-currencySymbol\">&euro;<\/span>15.95<\/bdi><\/span><\/span>\r\n    <\/dd>\r\n        <\/dl>\r\n<a href=\"https:\/\/www.masrodo.com\/ca\/producte\/merlot\/\" class=\"button btn btn-secondary\">Veure detall<\/a><a href=\"?add-to-cart=5576\" data-quantity=\"1\" class=\"button product_type_simple add_to_cart_button ajax_add_to_cart\" data-product_id=\"5576\" data-product_sku=\"\" aria-label=\"Add &ldquo;Merlot&rdquo; to your cart\" aria-describedby=\"\" rel=\"nofollow\">Add to cart<\/a><\/div> <div class=\"final-line\"><\/div><\/li>\r\n\r\n<li class=\"col-xs-12 col-sm-4 col-md-4 post-5578 product type-product status-publish has-post-thumbnail hentry product_cat-vinos-tintos-ca\">\r\n\r\n\t<div class=\"gg-product-image-wrapper\"><\/div><\/a><div class=\"gg-product-meta-wrapper\">\r\n<dl>\r\n    \r\n            <dt>\r\n            Price        <\/dt>\r\n        \r\n    <dd>\r\n        <span class=\"price\"><span class=\"woocommerce-Price-amount amount\"><bdi><span class=\"woocommerce-Price-currencySymbol\">&euro;<\/span>19.95<\/bdi><\/span><\/span>\r\n    <\/dd>\r\n        <\/dl>\r\n<a href=\"https:\/\/www.masrodo.com\/ca\/producte\/cabernet-sauvignon\/\" class=\"button btn btn-secondary\">Veure detall<\/a><a href=\"?add-to-cart=5578\" data-quantity=\"1\" class=\"button product_type_simple add_to_cart_button ajax_add_to_cart\" data-product_id=\"5578\" data-product_sku=\"\" aria-label=\"Add &ldquo;Cabernet Sauvignon&rdquo; to your cart\" aria-describedby=\"\" rel=\"nofollow\">Add to cart<\/a><\/div> <div class=\"final-line\"><\/div><\/li>\r\n\r\n<li class=\"col-xs-12 col-sm-4 col-md-4 post-5580 product type-product status-publish has-post-thumbnail hentry product_cat-vinos-tintos-ca\">\r\n\r\n\t<div class=\"gg-product-image-wrapper\"><\/div><\/a><div class=\"gg-product-meta-wrapper\">\r\n<dl>\r\n    \r\n            <dt>\r\n            Price        <\/dt>\r\n        \r\n    <dd>\r\n        <span class=\"price\"><span class=\"woocommerce-Price-amount amount\"><bdi><span class=\"woocommerce-Price-currencySymbol\">&euro;<\/span>37.95<\/bdi><\/span><\/span>\r\n    <\/dd>\r\n        <\/dl>\r\n<a href=\"https:\/\/www.masrodo.com\/ca\/producte\/reserva-de-la-propietat\/\" class=\"button btn btn-secondary\">Veure detall<\/a><a href=\"?add-to-cart=5580\" data-quantity=\"1\" class=\"button product_type_simple add_to_cart_button ajax_add_to_cart\" data-product_id=\"5580\" data-product_sku=\"\" aria-label=\"Add &ldquo;Reserva de la Propietat&rdquo; to your cart\" aria-describedby=\"\" rel=\"nofollow\">Add to cart<\/a><\/div> <div class=\"final-line\"><\/div><\/li>\r\n<\/ul>\r\n<\/div><\/div>[\/vc_column][\/vc_row][vc_row el_id=&#8221;allincognit&#8221; css=&#8221;.vc_custom_1561470095664{padding-top: 0px !important;}&#8221;][vc_column]<div class=\"woocommerce columns-3 \"><div class=\"row\">\r\n<ul class=\"products\">\r\n<li class=\"col-xs-12 col-sm-4 col-md-4 post-5582 product type-product status-publish has-post-thumbnail hentry product_cat-incognit-ca\">\r\n\r\n\t<div class=\"gg-product-image-wrapper\"><\/div><\/a><div class=\"gg-product-meta-wrapper\">\r\n<dl>\r\n    \r\n            <dt>\r\n            Price        <\/dt>\r\n        \r\n    <dd>\r\n        <span class=\"price\"><span class=\"woocommerce-Price-amount amount\"><bdi><span class=\"woocommerce-Price-currencySymbol\">&euro;<\/span>7.95<\/bdi><\/span><\/span>\r\n    <\/dd>\r\n        <\/dl>\r\n<a href=\"https:\/\/www.masrodo.com\/ca\/producte\/incognit-blanc\/\" class=\"button btn btn-secondary\">Veure detall<\/a><a href=\"?add-to-cart=5582\" data-quantity=\"1\" class=\"button product_type_simple add_to_cart_button ajax_add_to_cart\" data-product_id=\"5582\" data-product_sku=\"\" aria-label=\"Add &ldquo;Inc\u00f2gnit Blanc&rdquo; to your cart\" aria-describedby=\"\" rel=\"nofollow\">Add to cart<\/a><\/div> <div class=\"final-line\"><\/div><\/li>\r\n\r\n<li class=\"col-xs-12 col-sm-4 col-md-4 post-5584 product type-product status-publish has-post-thumbnail hentry product_cat-incognit-ca\">\r\n\r\n\t<div class=\"gg-product-image-wrapper\"><\/div><\/a><div class=\"gg-product-meta-wrapper\">\r\n<dl>\r\n    \r\n            <dt>\r\n            Price        <\/dt>\r\n        \r\n    <dd>\r\n        <span class=\"price\"><span class=\"woocommerce-Price-amount amount\"><bdi><span class=\"woocommerce-Price-currencySymbol\">&euro;<\/span>9.50<\/bdi><\/span><\/span>\r\n    <\/dd>\r\n        <\/dl>\r\n<a href=\"https:\/\/www.masrodo.com\/ca\/producte\/incognit-rosat\/\" class=\"button btn btn-secondary\">Veure detall<\/a><a href=\"?add-to-cart=5584\" data-quantity=\"1\" class=\"button product_type_simple add_to_cart_button ajax_add_to_cart\" data-product_id=\"5584\" data-product_sku=\"\" aria-label=\"Add &ldquo;Inc\u00f2gnit Rosat&rdquo; to your cart\" aria-describedby=\"\" rel=\"nofollow\">Add to cart<\/a><\/div> <div class=\"final-line\"><\/div><\/li>\r\n\r\n<li class=\"col-xs-12 col-sm-4 col-md-4 post-5586 product type-product status-publish has-post-thumbnail hentry product_cat-incognit-ca\">\r\n\r\n\t<div class=\"gg-product-image-wrapper\"><\/div><\/a><div class=\"gg-product-meta-wrapper\">\r\n<dl>\r\n    \r\n            <dt>\r\n            Price        <\/dt>\r\n        \r\n    <dd>\r\n        <span class=\"price\"><span class=\"woocommerce-Price-amount amount\"><bdi><span class=\"woocommerce-Price-currencySymbol\">&euro;<\/span>9.50<\/bdi><\/span><\/span>\r\n    <\/dd>\r\n        <\/dl>\r\n<a href=\"https:\/\/www.masrodo.com\/ca\/producte\/incognit-negre\/\" class=\"button btn btn-secondary\">Veure detall<\/a><a href=\"?add-to-cart=5586\" data-quantity=\"1\" class=\"button product_type_simple add_to_cart_button ajax_add_to_cart\" data-product_id=\"5586\" data-product_sku=\"\" aria-label=\"Add &ldquo;Inc\u00f2gnit Negre&rdquo; to your cart\" aria-describedby=\"\" rel=\"nofollow\">Add to cart<\/a><\/div> <div class=\"final-line\"><\/div><\/li>\r\n<\/ul>\r\n<\/div><\/div>[\/vc_column][\/vc_row]<\/p>\n<\/section>","protected":false},"excerpt":{"rendered":"<p>[vc_row full_width=&#8221;stretch_row_content_no_spaces&#8221;][vc_column css=&#8221;.vc_custom_1559834002341{margin-top: 0px !important;margin-right: 0px !important;margin-bottom: 0px !important;margin-left: 0px !important;padding-top: 0px !important;padding-right: 0px !important;padding-bottom: 0px !important;padding-left: 0px !important;}&#8221; offset=&#8221;vc_col-lg-6 vc_col-md-6&#8243;][vc_single_image image=&#8221;1438&#8243; img_size=&#8221;full&#8221; el_id=&#8221;botella-horizontal&#8221;][\/vc_column][vc_column css=&#8221;.vc_custom_1561969707134{padding-right: 15% !important;padding-left: 30px !important;}&#8221; offset=&#8221;vc_col-lg-6<br class=\"read-more-spacer\"> <a class=\"more-link\" href=\"https:\/\/www.masrodo.com\/ca\/productes\/\">Read More<\/a><\/p>\n","protected":false},"author":1,"featured_media":0,"parent":0,"menu_order":0,"comment_status":"closed","ping_status":"closed","template":"theme-templates\/named.php","meta":{"footnotes":""},"acf":[],"_links":{"self":[{"href":"https:\/\/www.masrodo.com\/ca\/wp-json\/wp\/v2\/pages\/5408"}],"collection":[{"href":"https:\/\/www.masrodo.com\/ca\/wp-json\/wp\/v2\/pages"}],"about":[{"href":"https:\/\/www.masrodo.com\/ca\/wp-json\/wp\/v2\/types\/page"}],"author":[{"embeddable":true,"href":"https:\/\/www.masrodo.com\/ca\/wp-json\/wp\/v2\/users\/1"}],"replies":[{"embeddable":true,"href":"https:\/\/www.masrodo.com\/ca\/wp-json\/wp\/v2\/comments?post=5408"}],"version-history":[{"count":7,"href":"https:\/\/www.masrodo.com\/ca\/wp-json\/wp\/v2\/pages\/5408\/revisions"}],"predecessor-version":[{"id":10512,"href":"https:\/\/www.masrodo.com\/ca\/wp-json\/wp\/v2\/pages\/5408\/revisions\/10512"}],"wp:attachment":[{"href":"https:\/\/www.masrodo.com\/ca\/wp-json\/wp\/v2\/media?parent=5408"}],"curies":[{"name":"wp","href":"https:\/\/api.w.org\/{rel}","templated":true}]}}